{"id":21,"date":"2021-03-21T10:54:57","date_gmt":"2021-03-21T13:54:57","guid":{"rendered":"http:\/\/bringel.trd.br\/?page_id=21"},"modified":"2021-04-02T12:03:00","modified_gmt":"2021-04-02T15:03:00","slug":"uma-secao-de-pagina-inicial","status":"publish","type":"page","link":"http:\/\/bringel.trd.br\/index.php\/uma-secao-de-pagina-inicial\/","title":{"rendered":"Documentos Normalmente Traduzidos"},"content":{"rendered":"\n<ul><li>Certid\u00e3o de Nascimento<\/li><li>Certid\u00e3o de Casamento<\/li><li>Atestado de \u00d3bito<\/li><li>Diploma Acad\u00eamico<\/li><li>Hist\u00f3rico Acad\u00eamico<\/li><li>Senten\u00e7as Judiciais<\/li><li>Carta Rogat\u00f3ria<\/li><li>Escritura P\u00fablica<\/li><li>Contratos<\/li><li>Outros que precisem ser vertidos ao ingl\u00eas ou vice-versa<\/li><\/ul>\n","protected":false},"excerpt":{"rendered":"<p>Certid\u00e3o de Nascimento Certid\u00e3o de Casamento Atestado de \u00d3bito Diploma Acad\u00eamico Hist\u00f3rico Acad\u00eamico Senten\u00e7as Judiciais Carta Rogat\u00f3ria Escritura P\u00fablica Contratos Outros que precisem ser vertidos ao ingl\u00eas ou vice-versa<\/p>\n","protected":false},"author":1,"featured_media":122,"parent":0,"menu_order":0,"comment_status":"closed","ping_status":"closed","template":"","meta":{"footnotes":""},"_links":{"self":[{"href":"http:\/\/bringel.trd.br\/index.php\/wp-json\/wp\/v2\/pages\/21"}],"collection":[{"href":"http:\/\/bringel.trd.br\/index.php\/wp-json\/wp\/v2\/pages"}],"about":[{"href":"http:\/\/bringel.trd.br\/index.php\/wp-json\/wp\/v2\/types\/page"}],"author":[{"embeddable":true,"href":"http:\/\/bringel.trd.br\/index.php\/wp-json\/wp\/v2\/users\/1"}],"replies":[{"embeddable":true,"href":"http:\/\/bringel.trd.br\/index.php\/wp-json\/wp\/v2\/comments?post=21"}],"version-history":[{"count":4,"href":"http:\/\/bringel.trd.br\/index.php\/wp-json\/wp\/v2\/pages\/21\/revisions"}],"predecessor-version":[{"id":111,"href":"http:\/\/bringel.trd.br\/index.php\/wp-json\/wp\/v2\/pages\/21\/revisions\/111"}],"wp:featuredmedia":[{"embeddable":true,"href":"http:\/\/bringel.trd.br\/index.php\/wp-json\/wp\/v2\/media\/122"}],"wp:attachment":[{"href":"http:\/\/bringel.trd.br\/index.php\/wp-json\/wp\/v2\/media?parent=21"}],"curies":[{"name":"wp","href":"https:\/\/api.w.org\/{rel}","templated":true}]}}